{"id":215,"date":"2019-09-29T19:09:50","date_gmt":"2019-09-29T19:09:50","guid":{"rendered":"http:\/\/schmidt-portraits.de\/?page_id=215"},"modified":"2019-09-29T19:09:51","modified_gmt":"2019-09-29T19:09:51","slug":"impressum","status":"publish","type":"page","link":"https:\/\/schmidt-portraits.de\/home.php\/impressum\/","title":{"rendered":"Impressum"},"content":{"rendered":"\t\t<div data-elementor-type=\"wp-page\" data-elementor-id=\"215\" class=\"elementor elementor-215\">\n\t\t\t\t\t\t<section class=\"elementor-section elementor-top-section elementor-element elementor-element-43960bb elementor-section-boxed elementor-section-height-default elementor-section-height-default\" data-id=\"43960bb\" data-element_type=\"section\" data-e-type=\"section\">\n\t\t\t\t\t\t<div class=\"elementor-container elementor-column-gap-default\">\n\t\t\t\t\t<div class=\"elementor-column elementor-col-100 elementor-top-column elementor-element elementor-element-afbf460\" data-id=\"afbf460\" data-element_type=\"column\" data-e-type=\"column\">\n\t\t\t<div class=\"elementor-widget-wrap elementor-element-populated\">\n\t\t\t\t\t\t<div class=\"elementor-element elementor-element-8813bcc elementor-widget elementor-widget-text-editor\" data-id=\"8813bcc\" data-element_type=\"widget\" data-e-type=\"widget\" data-widget_type=\"text-editor.default\">\n\t\t\t\t<div class=\"elementor-widget-container\">\n\t\t\t\t\t\t\t\t\t<h1><span style=\"font-weight: 400;\">Impressum<\/span><\/h1><p><b>Angaben gem\u00e4\u00df \u00a7 5 TMG<\/b><\/p><h2><b>Diensteanbieter<\/b><\/h2><p><span style=\"font-weight: 400;\">Erna Schmidt &#8211; Malerei<\/span><span style=\"font-weight: 400;\"><br \/><\/span><span style=\"font-weight: 400;\">Eschenstra\u00dfe 8<\/span><span style=\"font-weight: 400;\"><br \/><\/span><span style=\"font-weight: 400;\">73037 G\u00f6ppingen<\/span><span style=\"font-weight: 400;\"><br \/><\/span><span style=\"font-weight: 400;\">Deutschland<\/span><\/p><p><b>Vertreten durch:<\/b><\/p><p><span style=\"font-weight: 400;\">Erna Schmidt<\/span><\/p><p>\u00a0<\/p><p><b>Kontaktm\u00f6glichkeiten<\/b><\/p><p><b>E-Mail-Adresse<\/b><span style=\"font-weight: 400;\">: <\/span><a href=\"mailto:E.Schmidt.Malerei@gmail.com\"><span style=\"font-weight: 400;\">E.Schmidt.Malerei@gmail.com<\/span><span style=\"font-weight: 400;\"><br \/><\/span><\/a><b>Telefon<\/b><span style=\"font-weight: 400;\">: 01627595796<\/span><\/p><h2><b>Aufsichtsbeh\u00f6rde<\/b><\/h2><p><b>Aufsichtsbeh\u00f6rde<\/b><span style=\"font-weight: 400;\">:<\/span><\/p><p><span style=\"font-weight: 400;\">IHK Region Stuttgart<\/span><span style=\"font-weight: 400;\"><br \/><\/span><span style=\"font-weight: 400;\">J\u00e4gerstra\u00dfe 30<\/span><span style=\"font-weight: 400;\"><br \/><\/span><span style=\"font-weight: 400;\">70174 Stuttgart<\/span><span style=\"font-weight: 400;\"><br \/><\/span><span style=\"font-weight: 400;\">Deutschland<\/span><\/p><p><b>Website<\/b><span style=\"font-weight: 400;\">: <\/span><a href=\"https:\/\/www.stuttgart.ihk24.de\/\"><span style=\"font-weight: 400;\">https:\/\/www.stuttgart.ihk24.de\/<\/span><\/a><\/p><h2><b>Hinweis auf EU-Streitschlichtung<\/b><\/h2><p><span style=\"font-weight: 400;\">Online-Streitbeilegung: Die Europ\u00e4ische Kommission stellt eine Plattform zur Online-Streitbeilegung (OS) bereit, die Sie unter <\/span><a href=\"https:\/\/ec.europa.eu\/consumers\/odr\/\"><span style=\"font-weight: 400;\">https:\/\/ec.europa.eu\/consumers\/odr\/<\/span><\/a><span style=\"font-weight: 400;\"> finden. Verbraucher haben die M\u00f6glichkeit, diese Plattform f\u00fcr die Beilegung ihrer Streitigkeiten zu nutzen.<\/span><\/p><h2><b>Haftungs- und Urheberrechtshinweise<\/b><\/h2><p><b>Haftungsausschluss<\/b><span style=\"font-weight: 400;\">: Die Inhalte dieses Onlineangebotes wurden sorgf\u00e4ltig und nach unserem aktuellen Kenntnisstand erstellt, dienen jedoch nur der Information und entfalten keine rechtlich bindende Wirkung, sofern es sich nicht um gesetzlich verpflichtende Informationen (z.B. das Impressum, die Datenschutzerkl\u00e4rung, AGB oder Widerrufsbelehrungen f\u00fcr Verbraucher) handelt. Wir behalten uns vor, die Inhalte vollst\u00e4ndig oder teilweise zu \u00e4ndern oder zu l\u00f6schen, soweit vertragliche Verpflichtungen unber\u00fchrt bleiben. Alle Angebote sind freibleibend und unverbindlich.<\/span><\/p><p><b>Links auf fremde Webseiten<\/b><span style=\"font-weight: 400;\">: Inhalte fremder Webseiten, auf die wir direkt oder indirekt verweisen, liegen au\u00dferhalb unseres Verantwortungsbereiches und machen wir uns nicht zu Eigen. F\u00fcr alle Inhalte und insbesondere f\u00fcr Sch\u00e4den, die aus der Nutzung der in den verlinkten Webseiten aufrufbaren Informationen entstehen, haftet allein der Anbieter der verlinkten Webseiten.<\/span><\/p><p><b>Urheberrechte und Markenrechte<\/b><span style=\"font-weight: 400;\">: Alle auf dieser Website dargestellten Inhalte, wie Texte, Fotografien, Grafiken, Marken und Warenzeichen sind durch die jeweiligen Schutzrechte (Urheberrechte, Markenrechte) gesch\u00fctzt. Die Verwendung, Vervielf\u00e4ltigung usw. unterliegen unseren Rechten oder den Rechten der jeweiligen Urheber bzw. Rechteverwalter.<\/span><\/p><p><b>Hinweise auf Rechtsverst\u00f6\u00dfe<\/b><span style=\"font-weight: 400;\">: Sollten Sie innerhalb unseres Internetauftritts Rechtsverst\u00f6\u00dfe bemerken, bitten wir Sie uns auf diese hinzuweisen. Wir werden rechtswidrige Inhalte und Links nach Kenntnisnahme unverz\u00fcglich entfernen.<\/span><\/p>\t\t\t\t\t\t\t\t<\/div>\n\t\t\t\t<\/div>\n\t\t\t\t\t<\/div>\n\t\t<\/div>\n\t\t\t\t\t<\/div>\n\t\t<\/section>\n\t\t\t\t<\/div>\n\t\t","protected":false},"excerpt":{"rendered":"<p>Impressum Angaben gem\u00e4\u00df \u00a7 5 TMG Diensteanbieter Erna Schmidt &#8211; MalereiEschenstra\u00dfe 873037 G\u00f6ppingenDeutschland Vertreten durch: Erna Schmidt \u00a0 Kontaktm\u00f6glichkeiten E-Mail-Adresse: E.Schmidt.Malerei@gmail.comTelefon: 01627595796 Aufsichtsbeh\u00f6rde Aufsichtsbeh\u00f6rde: IHK Region StuttgartJ\u00e4gerstra\u00dfe 3070174 StuttgartDeutschland Website: https:\/\/www.stuttgart.ihk24.de\/ Hinweis auf EU-Streitschlichtung Online-Streitbeilegung: Die Europ\u00e4ische Kommission stellt eine Plattform zur Online-Streitbeilegung (OS) bereit, die Sie unter https:\/\/ec.europa.eu\/consumers\/odr\/ finden. Verbraucher haben die M\u00f6glichkeit, diese [&hellip;]<\/p>\n","protected":false},"author":1,"featured_media":0,"parent":0,"menu_order":0,"comment_status":"closed","ping_status":"closed","template":"","meta":{"ocean_post_layout":"","ocean_both_sidebars_style":"","ocean_both_sidebars_content_width":0,"ocean_both_sidebars_sidebars_width":0,"ocean_sidebar":"0","ocean_second_sidebar":"0","ocean_disable_margins":"enable","ocean_add_body_class":"","ocean_shortcode_before_top_bar":"","ocean_shortcode_after_top_bar":"","ocean_shortcode_before_header":"","ocean_shortcode_after_header":"","ocean_has_shortcode":"","ocean_shortcode_after_title":"","ocean_shortcode_before_footer_widgets":"","ocean_shortcode_after_footer_widgets":"","ocean_shortcode_before_footer_bottom":"","ocean_shortcode_after_footer_bottom":"","ocean_display_top_bar":"default","ocean_display_header":"default","ocean_header_style":"","ocean_center_header_left_menu":"0","ocean_custom_header_template":"0","ocean_custom_logo":0,"ocean_custom_retina_logo":0,"ocean_custom_logo_max_width":0,"ocean_custom_logo_tablet_max_width":0,"ocean_custom_logo_mobile_max_width":0,"ocean_custom_logo_max_height":0,"ocean_custom_logo_tablet_max_height":0,"ocean_custom_logo_mobile_max_height":0,"ocean_header_custom_menu":"0","ocean_menu_typo_font_family":"0","ocean_menu_typo_font_subset":"","ocean_menu_typo_font_size":0,"ocean_menu_typo_font_size_tablet":0,"ocean_menu_typo_font_size_mobile":0,"ocean_menu_typo_font_size_unit":"px","ocean_menu_typo_font_weight":"","ocean_menu_typo_font_weight_tablet":"","ocean_menu_typo_font_weight_mobile":"","ocean_menu_typo_transform":"","ocean_menu_typo_transform_tablet":"","ocean_menu_typo_transform_mobile":"","ocean_menu_typo_line_height":0,"ocean_menu_typo_line_height_tablet":0,"ocean_menu_typo_line_height_mobile":0,"ocean_menu_typo_line_height_unit":"","ocean_menu_typo_spacing":0,"ocean_menu_typo_spacing_tablet":0,"ocean_menu_typo_spacing_mobile":0,"ocean_menu_typo_spacing_unit":"","ocean_menu_link_color":"","ocean_menu_link_color_hover":"","ocean_menu_link_color_active":"","ocean_menu_link_background":"","ocean_menu_link_hover_background":"","ocean_menu_link_active_background":"","ocean_menu_social_links_bg":"","ocean_menu_social_hover_links_bg":"","ocean_menu_social_links_color":"","ocean_menu_social_hover_links_color":"","ocean_disable_title":"default","ocean_disable_heading":"default","ocean_post_title":"","ocean_post_subheading":"","ocean_post_title_style":"","ocean_post_title_background_color":"","ocean_post_title_background":0,"ocean_post_title_bg_image_position":"","ocean_post_title_bg_image_attachment":"","ocean_post_title_bg_image_repeat":"","ocean_post_title_bg_image_size":"","ocean_post_title_height":0,"ocean_post_title_bg_overlay":0.5,"ocean_post_title_bg_overlay_color":"","ocean_disable_breadcrumbs":"default","ocean_breadcrumbs_color":"","ocean_breadcrumbs_separator_color":"","ocean_breadcrumbs_links_color":"","ocean_breadcrumbs_links_hover_color":"","ocean_display_footer_widgets":"default","ocean_display_footer_bottom":"default","ocean_custom_footer_template":"0","footnotes":""},"class_list":["post-215","page","type-page","status-publish","hentry","entry"],"_links":{"self":[{"href":"https:\/\/schmidt-portraits.de\/home.php\/wp-json\/wp\/v2\/pages\/215","targetHints":{"allow":["GET"]}}],"collection":[{"href":"https:\/\/schmidt-portraits.de\/home.php\/wp-json\/wp\/v2\/pages"}],"about":[{"href":"https:\/\/schmidt-portraits.de\/home.php\/wp-json\/wp\/v2\/types\/page"}],"author":[{"embeddable":true,"href":"https:\/\/schmidt-portraits.de\/home.php\/wp-json\/wp\/v2\/users\/1"}],"replies":[{"embeddable":true,"href":"https:\/\/schmidt-portraits.de\/home.php\/wp-json\/wp\/v2\/comments?post=215"}],"version-history":[{"count":3,"href":"https:\/\/schmidt-portraits.de\/home.php\/wp-json\/wp\/v2\/pages\/215\/revisions"}],"predecessor-version":[{"id":225,"href":"https:\/\/schmidt-portraits.de\/home.php\/wp-json\/wp\/v2\/pages\/215\/revisions\/225"}],"wp:attachment":[{"href":"https:\/\/schmidt-portraits.de\/home.php\/wp-json\/wp\/v2\/media?parent=215"}],"curies":[{"name":"wp","href":"https:\/\/api.w.org\/{rel}","templated":true}]}}